{"id":25,"date":"2021-07-17T10:16:16","date_gmt":"2021-07-17T10:16:16","guid":{"rendered":"https:\/\/dev.wp.2021.yoga-apolda.de\/wp2021\/?page_id=25"},"modified":"2021-11-05T11:18:00","modified_gmt":"2021-11-05T11:18:00","slug":"aktuelles","status":"publish","type":"page","link":"https:\/\/www.yoga-apolda.de\/?page_id=25","title":{"rendered":"Aktuelles"},"content":{"rendered":"<div id='av_section_1'  class='avia-section av-3a63x-41ad962d7fa4e9e3111a8f843827f473 main_color avia-section-default avia-no-border-styling  avia-builder-el-0  el_before_av_textblock  avia-builder-el-first  content-menu-section avia-bg-style-scroll container_wrap sidebar_right'  ><div class='container av-section-cont-open' ><main  role=\"main\" itemprop=\"mainContentOfPage\"  class='template-page content  av-content-small alpha units'><div class='post-entry post-entry-type-page post-entry-25'><div class='entry-content-wrapper clearfix'>\n\n<style type=\"text\/css\" data-created_by=\"avia_inline_auto\" id=\"style-css-av-2gjfx-153fb162b600e4576ca5748ab460e86a\">\n.flex_column.av-2gjfx-153fb162b600e4576ca5748ab460e86a{\nborder-radius:0px 0px 0px 0px;\npadding:0px 0px 0px 0px;\n}\n<\/style>\n<div  class='flex_column av-2gjfx-153fb162b600e4576ca5748ab460e86a av_one_fourth  avia-builder-el-1  el_before_av_one_half  avia-builder-el-first  first flex_column_div av-zero-column-padding  '     ><\/div>\n<style type=\"text\/css\" data-created_by=\"avia_inline_auto\" id=\"style-css-av-1zhbl-65ea1153521dde8bbb59fae5c5f05cdd\">\n.flex_column.av-1zhbl-65ea1153521dde8bbb59fae5c5f05cdd{\nborder-radius:0px 0px 0px 0px;\npadding:0px 0px 0px 0px;\n}\n<\/style>\n<div  class='flex_column av-1zhbl-65ea1153521dde8bbb59fae5c5f05cdd av_one_half  avia-builder-el-2  el_after_av_one_fourth  el_before_av_one_fourth  flex_column_div av-zero-column-padding  '     ><div  class='avia-builder-widget-area clearfix  avia-builder-el-3  avia-builder-el-no-sibling '><div id=\"codewidget-2\" class=\"widget clearfix widget_codewidget\"><div class=\"code-widget\"><p>Aktuelles<\/p>\n<\/div><\/div><div id=\"nav_menu-2\" class=\"widget clearfix widget_nav_menu\"><div class=\"menu-content-navigation-container\"><ul id=\"menu-content-navigation\" class=\"menu\"><li id=\"menu-item-55\" class=\"blau menu-item menu-item-type-post_type menu-item-object-page menu-item-55\"><a href=\"https:\/\/www.yoga-apolda.de\/?page_id=18\">Erlerne<\/a><\/li>\n<li id=\"menu-item-54\" class=\"gelb menu-item menu-item-type-post_type menu-item-object-page menu-item-54\"><a href=\"https:\/\/www.yoga-apolda.de\/?page_id=20\">Entdecke<\/a><\/li>\n<li id=\"menu-item-53\" class=\"lila menu-item menu-item-type-post_type menu-item-object-page menu-item-53\"><a href=\"https:\/\/www.yoga-apolda.de\/?page_id=22\">Sp\u00fcre<\/a><\/li>\n<\/ul><\/div><\/div><\/div><\/div>\n<style type=\"text\/css\" data-created_by=\"avia_inline_auto\" id=\"style-css-av-w1vl-7640bad925ab69148d107efadaa822d2\">\n.flex_column.av-w1vl-7640bad925ab69148d107efadaa822d2{\nborder-radius:0px 0px 0px 0px;\npadding:0px 0px 0px 0px;\n}\n<\/style>\n<div  class='flex_column av-w1vl-7640bad925ab69148d107efadaa822d2 av_one_fourth  avia-builder-el-4  el_after_av_one_half  avia-builder-el-last  flex_column_div av-zero-column-padding  '     ><\/div>\n<\/div><\/div><\/main><!-- close content main element --><\/div><\/div><div id='after_section_1'  class='main_color av_default_container_wrap container_wrap sidebar_right'  ><div class='container av-section-cont-open' ><div class='template-page content  av-content-small alpha units'><div class='post-entry post-entry-type-page post-entry-25'><div class='entry-content-wrapper clearfix'>\n<section  class='av_textblock_section av-kt5thep3-cfa5181e441704a37ff50e4f40b8e40a '   itemscope=\"itemscope\" itemtype=\"https:\/\/schema.org\/CreativeWork\" ><div class='avia_textblock'  itemprop=\"text\" ><!-- The Grid Plugin Version 2.7.9.5 --><!-- The Grid Wrapper Start --><div class=\"tg-grid-wrapper tg-grid-loading tg-txt\" id=\"grid-265\" data-version=\"2.7.9.5\"><!-- The Grid Styles --><style class=\"tg-grid-styles\" type=\"text\/css\">#grid-265{margin-left:30px;margin-right:30px}#grid-265 .tg-nav-color:not(.dots):not(.tg-dropdown-value):not(.tg-dropdown-title):hover,#grid-265 .tg-nav-color:hover .tg-nav-color,#grid-265 .tg-page-number.tg-page-current,#grid-265 .tg-filter.tg-filter-active span{color:#ff6863}#grid-265 .tg-filter:before,#grid-265 .tg-filter.tg-filter-active:before{color:#999999}#grid-265 .tg-dropdown-holder,#grid-265 .tg-search-inner,#grid-265 .tg-sorter-order{border:1px solid #DDDDDD}#grid-265 .tg-search-clear,#grid-265 .tg-search-clear:hover{border:none;border-left:1px solid #DDDDDD}.tg-txt .tg-nav-font,.tg-txt input[type=text].tg-search{font-size:14px;font-weight:600}.tg-txt .tg-search::-webkit-input-placeholder{font-size:14px}.tg-txt .tg-search::-moz-placeholder{font-size:14px}.tg-txt .tg-search:-ms-input-placeholder{font-size:14px}.tg-txt .tg-icon-left-arrow:before{content:\"\\e604\";font-size:32px;font-weight:100}.tg-txt .tg-icon-right-arrow:before{content:\"\\e602\";font-size:32px;font-weight:100}.tg-txt .tg-icon-dropdown-open:before,.tg-txt .tg-icon-sorter-down:before{content:\"\\e60a\"}.tg-txt .tg-icon-sorter-up:before{content:\"\\e609\"}.tg-txt .tg-search-clear:before{content:\"\\e611\";font-weight:300}.tg-txt .tg-search-icon:before{content:\"\\e62e\";font-size:16px;font-weight:600}#grid-265 .tg-nav-color,#grid-265 .tg-search-icon:hover:before,#grid-265 .tg-search-icon:hover input,#grid-265 .tg-disabled:hover .tg-icon-left-arrow,#grid-265 .tg-disabled:hover .tg-icon-right-arrow,#grid-265 .tg-dropdown-title.tg-nav-color:hover{color:#999999}#grid-265 input.tg-search:hover{color:#999999 !important}#grid-265 input.tg-search::-webkit-input-placeholder{color:#999999}#grid-265 input.tg-search::-moz-placeholder{color:#999999;opacity:1}#grid-265 input.tg-search:-ms-input-placeholder{color:#999999}.grid-265 .tg-dropdown-item{color:#777777;background:#ffffff}.grid-265 .tg-filter-active,.grid-265 .tg-dropdown-item:hover{color:#444444;background:#f5f6fa}#grid-265 .tg-slider-bullets li.tg-active-item span{background:#59585b}#grid-265 .tg-slider-bullets li span{background:#DDDDDD}.tg-yla-items a:not([class*=\"tg-element-\"]),.tg-yla-items a:not([class*=\"tg-element-\"]):active,.tg-yla-items a:not([class*=\"tg-element-\"]):focus,.tg-yla-items [class*=\"tg-element-\"] *:not(del){margin:0;padding:0;color:inherit !important;text-align:inherit;font-size:inherit;font-style:inherit;line-height:inherit;font-weight:inherit;text-transform:inherit;text-decoration:inherit;-webkit-box-shadow:none;box-shadow:none;border:none}.tg-yla-items [class*=\"tg-element-\"],.tg-yla-items .tg-item-overlay,.tg-yla-items .tg-center-holder,.tg-yla-items .tg-center-inner > *{vertical-align:middle}.tg-yla-items .tg-item-overlay{position:absolute;display:block;top:0;left:0;bottom:0;right:0;opacity:0;visibility:hidden;-webkit-transition:all 400ms ease !important;-moz-transition:all 400ms ease !important;-ms-transition:all 400ms ease !important;transition:all 400ms ease !important}.tg-yla-items:not(.tg-force-play):not(.tg-is-playing) .tg-item-media-holder:hover .tg-item-overlay{opacity:1;visibility:visible}.tg-yla-items .tg-item-content-holder[data-position=\"bottom\"]{position:relative;min-height:1px;display:block;padding:22px 24px}.tg-yla-items div.tg-item-media-content{text-align:center}.tg-yla-items .tg-element-6{position:relative;font-size:13px;line-height:13px;font-weight:400;border-color:rgba(168,168,168,0.5) !important;display:block}.tg-yla-items .tg-element-6 .tg-item-term{position:relative;display:inline-block}.tg-yla-items .tg-element-3{position:relative;font-size:16px;line-height:20px;font-weight:600;text-transform:uppercase;display:block;margin:0;padding:10px 0 0}.tg-yla-items .tg-element-5{position:relative;font-size:16px;line-height:1.6em;font-weight:400;display:block;margin:0;padding:18px 0}.tg-item .tg-dark div,.tg-item .tg-dark h1,.tg-item .tg-dark h1 a,.tg-item .tg-dark h2,.tg-item .tg-dark h2 a,.tg-item .tg-dark h3,.tg-item .tg-dark h3 a,.tg-item .tg-dark h4,.tg-item .tg-dark h4 a,.tg-item .tg-dark h5,.tg-item .tg-dark h5 a,.tg-item .tg-dark h6,.tg-item .tg-dark h6 a,.tg-item .tg-dark a,.tg-item .tg-dark a.tg-link-url,.tg-item .tg-dark i,.tg-item .tg-dark .tg-media-button,.tg-item .tg-dark .tg-item-price span{color:#444444;fill:#444444;stroke:#444444;border-color:#444444}.tg-item .tg-dark p,.tg-item .tg-dark ol,.tg-item .tg-dark ul,.tg-item .tg-dark li{color:#777777;fill:#777777;stroke:#777777;border-color:#777777}.tg-item .tg-dark span,.tg-item .tg-dark .no-liked .to-heart-icon path,.tg-item .tg-dark .empty-heart .to-heart-icon path,.tg-item .tg-dark .tg-item-comment i,.tg-item .tg-dark .tg-item-price del span{color:#999999;fill:#999999;stroke:#999999;border-color:#999999}.tg-item .tg-light div,.tg-item .tg-light h1,.tg-item .tg-light h1 a,.tg-item .tg-light h2,.tg-item .tg-light h2 a,.tg-item .tg-light h3,.tg-item .tg-light h3 a,.tg-item .tg-light h4,.tg-item .tg-light h4 a,.tg-item .tg-light h5,.tg-item .tg-light h5 a,.tg-item .tg-light h6,.tg-item .tg-light h6 a,.tg-item .tg-light a,.tg-item .tg-light a.tg-link-url,.tg-item .tg-light i,.tg-item .tg-light .tg-media-button,.tg-item .tg-light .tg-item-price span{color:#ffffff;fill:#ffffff;stroke:#ffffff;border-color:#ffffff}.tg-item .tg-light p,.tg-item .tg-light ol,.tg-item .tg-light ul,.tg-item .tg-light li{color:#f6f6f6;fill:#f6f6f6;stroke:#f6f6f6;border-color:#f6f6f6}.tg-item .tg-light span,.tg-item .tg-light .no-liked .to-heart-icon path,.tg-item .tg-light .empty-heart .to-heart-icon path,.tg-item .tg-light .tg-item-comment i,.tg-item .tg-light .tg-item-price del span{color:#f5f5f5;fill:#f5f5f5;stroke:#f5f5f5;border-color:#f5f5f5}#grid-265 .tg-item-content-holder{background-color:#f2f2f2}#grid-265 .tg-item-overlay{background-color:rgba(22,22,22,0.65)}.vaduz .tg-item-content-holder{padding:30px}.vaduz .tg-item-excerpt{font-size:inherit;line-height:inherit}.vaduz .tg-item-footer{display:none}.vaduz .tg-item-title,.vaduz .tg-item-title a{font-size:28px;line-height:120%;height:auto;white-space:normal;text-overflow:inherit}.tg-item .tg-dark h2{color:#000000}<\/style><!-- The Grid Item Sizer --><div class=\"tg-grid-sizer\"><\/div><!-- The Grid Gutter Sizer --><div class=\"tg-gutter-sizer\"><\/div><!-- The Grid Items Holder --><div class=\"tg-grid-holder tg-layout-masonry\"  data-name=\"aktuelles\"  data-style=\"masonry\" data-row=\"1\" data-layout=\"vertical\" data-rtl=\"\" data-fitrows=\"\" data-filtercomb=\"\" data-filterlogic=\"AND\" data-filterload =\"\" data-sortbyload =\"\" data-orderload =\"false\" data-fullwidth=\"1\" data-fullheight=\"null\" data-gutters=\"[[320,5],[480,5],[768,20],[980,20],[1200,30],[9999,30]]\" data-slider='{\"itemNav\":\"null\",\"swingSpeed\":0.1,\"cycleBy\":\"null\",\"cycle\":5000,\"startAt\":1}' data-ratio=\"1.00\" data-cols=\"[[320,1],[480,1],[768,2],[980,2],[1200,3],[9999,3]]\" data-rows=\"[[320,200],[480,200],[768,220],[980,220],[1200,240],[9999,240]]\" data-animation='{&quot;name&quot;:&quot;Fade in&quot;,&quot;visible&quot;:&quot;&quot;,&quot;hidden&quot;:&quot;&quot;}' data-transition=\"700ms\" data-ajaxmethod=\"load_more\" data-ajaxdelay=\"100\" data-preloader=\"1\" data-itemdelay=\"100\" data-gallery=\"\" data-ajax=\"\"><!-- The Grid item #1 --><article class=\"tg-item tg-post-292 sticky tg-yla-items f1 tg-item-reveal\" data-row=\"1\" data-col=\"1\"><div class=\"tg-item-inner\"><div class=\"tg-item-content-holder tg-dark standard-format\" data-position=\"bottom\"><span class=\"tg-cats-holder tg-element-6 meta\"><span class=\"tg-item-term category\" data-term-id=\"1\" >Uncategorized<\/span><\/span><h2 class=\"tg-item-title tg-element-3\">Aktuelle \u00c4nderungen:<\/h2><div class=\"tg-item-clear\"><\/div><\/div><\/div><\/article><!-- The Grid item #2 --><article class=\"tg-item tg-post-276 tg-yla-items f7 tg-item-reveal\" data-row=\"1\" data-col=\"1\"><div class=\"tg-item-inner\"><div class=\"tg-item-media-holder tg-light\"><div class=\"tg-item-media-inner\"><img decoding=\"async\" class=\"tg-item-image\" alt=\"\" width=\"1500\" height=\"800\" src=\"https:\/\/www.yoga-apolda.de\/wp-content\/uploads\/2021\/09\/event01.jpg\"><\/div><div class=\"tg-item-media-content \"><div class=\"tg-item-overlay\"><\/div><\/div><\/div><div class=\"tg-item-content-holder tg-dark image-format\" data-position=\"bottom\"><span class=\"tg-cats-holder tg-element-6 meta\"><span class=\"tg-item-term category\" data-term-id=\"7\" >Events<\/span><\/span><h2 class=\"tg-item-title tg-element-3\">Yoga trifft Klang<\/h2><div class=\"tg-item-excerpt tg-element-5\">Komm dir ganz nah, erlebe die Verbindung von Deinem K\u00f6rper, deiner Seele und deinem Geist &#8211; gib all dem Raum. Verbinde dich mit dem Fluss des Lebens, erfahre deine Kraft und lass dich tragen von den Kl\u00e4ngen. Alle Events finden ab einer Teilnehmerzahl von 10 Personen statt. Die Kosten pro Teilnehmer betragen f\u00fcr: Kunden 25,-\u20ac Nichtkunden 30,-\u20ac<\/div><div class=\"tg-item-clear\"><\/div><\/div><\/div><\/article><!-- The Grid item #3 --><article class=\"tg-item tg-post-297 tg-yla-items f1 f10 tg-item-reveal\" data-row=\"1\" data-col=\"1\"><div class=\"tg-item-inner\"><div class=\"tg-item-content-holder tg-light quote-format\" data-position=\"bottom\" style=\"background-color:#e7cb6e\"><span class=\"tg-cats-holder tg-element-6 meta\"><span class=\"tg-item-term category\" data-term-id=\"1\" >Uncategorized<\/span><\/span><h2 class=\"tg-item-title tg-element-3\">&#8222;Damit das M\u00f6gliche entsteht, muss immer wieder das Unm\u00f6gliche versucht werden.&#8220;<\/h2><div class=\"tg-item-clear\"><\/div><\/div><\/div><\/article><!-- The Grid item #4 --><article class=\"tg-item tg-post-290 tg-yla-items f1 tg-item-reveal\" data-row=\"1\" data-col=\"1\"><div class=\"tg-item-inner\"><div class=\"tg-item-media-holder tg-light\"><div class=\"tg-item-media-inner\"><img decoding=\"async\" class=\"tg-item-image\" alt=\"\" width=\"1500\" height=\"800\" src=\"https:\/\/www.yoga-apolda.de\/wp-content\/uploads\/2021\/09\/event02.jpg\"><\/div><div class=\"tg-item-media-content \"><div class=\"tg-item-overlay\"><\/div><\/div><\/div><div class=\"tg-item-content-holder tg-dark image-format\" data-position=\"bottom\"><span class=\"tg-cats-holder tg-element-6 meta\"><span class=\"tg-item-term category\" data-term-id=\"1\" >Uncategorized<\/span><\/span><h2 class=\"tg-item-title tg-element-3\">Gesundheit und Sch\u00f6nheit von Innen<\/h2><div class=\"tg-item-clear\"><\/div><\/div><\/div><\/article><!-- The Grid item #5 --><article class=\"tg-item tg-post-262 tg-yla-items f7 tg-item-reveal\" data-row=\"1\" data-col=\"1\"><div class=\"tg-item-inner\"><div class=\"tg-item-media-holder tg-light\"><div class=\"tg-item-media-inner\"><img decoding=\"async\" class=\"tg-item-image\" alt=\"\" width=\"1500\" height=\"800\" src=\"https:\/\/www.yoga-apolda.de\/wp-content\/uploads\/2021\/09\/event04.jpg\"><\/div><div class=\"tg-item-media-content \"><div class=\"tg-item-overlay\"><\/div><\/div><\/div><div class=\"tg-item-content-holder tg-dark image-format\" data-position=\"bottom\"><span class=\"tg-cats-holder tg-element-6 meta\"><span class=\"tg-item-term category\" data-term-id=\"7\" >Events<\/span><\/span><h2 class=\"tg-item-title tg-element-3\">Jahresendmeditation<\/h2><div class=\"tg-item-excerpt tg-element-5\">Zeit f\u00fcr Dich - Zeit f\u00fcr den Moment - Erlebe durch sanftes Yoga und Meditation dein Jahr 2024 nocheinmal - \u00f6ffne dein Herz und lausche dir - lass uns zusammen Yoga praktizieren und eine Klangschalenmeditation genie\u00dfen\r\n\r\n<em>Alle Events finden ab einer Teilnehmerzahl von 12 Personen statt. Die Kosten pro Teilnehmer betragen f\u00fcr:<\/em>\r\n<br \/><strong>Kunden 40,-\u20ac<\/strong>\r\n<br \/><strong>Nichtkunden 45,-\u20ac<\/strong><\/div><div class=\"tg-item-clear\"><\/div><\/div><\/div><\/article><!-- The Grid item #6 --><article class=\"tg-item tg-post-280 tg-yla-items f7 tg-item-reveal\" data-row=\"1\" data-col=\"1\"><div class=\"tg-item-inner\"><div class=\"tg-item-media-holder tg-light\"><div class=\"tg-item-media-inner\"><img decoding=\"async\" class=\"tg-item-image\" alt=\"\" width=\"1500\" height=\"800\" src=\"https:\/\/www.yoga-apolda.de\/wp-content\/uploads\/2021\/09\/event03.jpg\"><\/div><div class=\"tg-item-media-content \"><div class=\"tg-item-overlay\"><\/div><\/div><\/div><div class=\"tg-item-content-holder tg-dark image-format\" data-position=\"bottom\"><span class=\"tg-cats-holder tg-element-6 meta\"><span class=\"tg-item-term category\" data-term-id=\"7\" >Events<\/span><\/span><h2 class=\"tg-item-title tg-element-3\">Entschleunigungs-Wochenende<\/h2><div class=\"tg-item-excerpt tg-element-5\">Kennen Sie das auch <b>\"Ich habe keine Zeit!\" f\u00fcr,... - weil,...\"<\/b>? Es ist nicht zu wenig Zeit, die wir haben, sondern es ist zu viel Zeit, die wir nicht nutzen! Der Wunsch zur Langsamkeit zur\u00fcckzukehren und wieder langsamer zu werden. Die Notbremse zu ziehen. Dem Stress entfliehen.<\/div><div class=\"tg-item-clear\"><\/div><\/div><\/div><\/article><!-- The Grid item #7 --><article class=\"tg-item tg-post-278 tg-yla-items f8 tg-item-reveal\" data-row=\"1\" data-col=\"1\"><div class=\"tg-item-inner\"><div class=\"tg-item-media-holder tg-light\"><div class=\"tg-item-media-inner\"><img decoding=\"async\" class=\"tg-item-image\" alt=\"\" width=\"1500\" height=\"800\" src=\"https:\/\/www.yoga-apolda.de\/wp-content\/uploads\/2021\/09\/event05.jpg\"><\/div><div class=\"tg-item-media-content \"><div class=\"tg-item-overlay\"><\/div><\/div><\/div><div class=\"tg-item-content-holder tg-dark image-format\" data-position=\"bottom\"><span class=\"tg-cats-holder tg-element-6 meta\"><span class=\"tg-item-term category\" data-term-id=\"8\" >Termine<\/span><\/span><h2 class=\"tg-item-title tg-element-3\">Urlaubszeiten 2024<\/h2><div class=\"tg-item-excerpt tg-element-5\">12.02. - 15.02.2024\r\n\r\n14.03.2024\r\n\r\n24.06. - 25.07.2024 (geb\u00fchrenfrei)\r\n<br \/>30.9. - 04.10.2024\r\n<br \/>23.12. - 02.01.2025<\/div><div class=\"tg-item-clear\"><\/div><\/div><\/div><\/article><!-- The Grid item #8 --><article class=\"tg-item tg-post-286 tg-yla-items f1 tg-item-reveal\" data-row=\"1\" data-col=\"1\"><div class=\"tg-item-inner\"><div class=\"tg-item-content-holder tg-light standard-format\" data-position=\"bottom\" style=\"background-color:#8bccd3\"><span class=\"tg-cats-holder tg-element-6 meta\"><span class=\"tg-item-term category\" data-term-id=\"1\" >Uncategorized<\/span><\/span><h2 class=\"tg-item-title tg-element-3\">Die Workshops haben eine Dauer von 2 bis 3 h und beginnen 18 Uhr. Bitte komme in gem\u00fctlicher Kleidung und bring Dir ein paar dicke Socken oder Hausschuhe mit.<\/h2><div class=\"tg-item-excerpt tg-element-5\">Mehr Informationen \u00fcber Yoga findst Du unter <strong><a href=\"https:\/\/www.yoga-apolda.de\/?page_id=29\">faq<\/a><\/strong><\/div><div class=\"tg-item-clear\"><\/div><\/div><\/div><\/article><\/div><div class=\"tg-grid-preloader\"><style class=\"tg-grid-preloader-styles\" type=\"text\/css\">@-webkit-keyframes square-grid-pulse{0%{-webkit-transform:scale(1);transform:scale(1)}50%{-webkit-transform:scale(.5);transform:scale(.5);opacity:.7}100%{-webkit-transform:scale(1);transform:scale(1);opacity:1}}@keyframes square-grid-pulse{0%{-webkit-transform:scale(1);transform:scale(1)}50%{-webkit-transform:scale(.5);transform:scale(.5);opacity:.7}100%{-webkit-transform:scale(1);transform:scale(1);opacity:1}}.square-grid-pulse{width:57px}.square-grid-pulse>div:nth-child(1){-webkit-animation-delay:.73s;animation-delay:.73s;-webkit-animation-duration:1.3s;animation-duration:1.3s}.square-grid-pulse>div:nth-child(2){-webkit-animation-delay:.32s;animation-delay:.32s;-webkit-animation-duration:1.3s;animation-duration:1.3s}.square-grid-pulse>div:nth-child(3){-webkit-animation-delay:.71s;animation-delay:.71s;-webkit-animation-duration:.88s;animation-duration:.88s}.square-grid-pulse>div:nth-child(4){-webkit-animation-delay:.62s;animation-delay:.62s;-webkit-animation-duration:1.06s;animation-duration:1.06s}.square-grid-pulse>div:nth-child(5){-webkit-animation-delay:.31s;animation-delay:.31s;-webkit-animation-duration:.62s;animation-duration:.62s}.square-grid-pulse>div:nth-child(6){-webkit-animation-delay:-.14s;animation-delay:-.14s;-webkit-animation-duration:1.48s;animation-duration:1.48s}.square-grid-pulse>div:nth-child(7){-webkit-animation-delay:-.1s;animation-delay:-.1s;-webkit-animation-duration:1.47s;animation-duration:1.47s}.square-grid-pulse>div:nth-child(8){-webkit-animation-delay:.4s;animation-delay:.4s;-webkit-animation-duration:1.49s;animation-duration:1.49s}.square-grid-pulse>div:nth-child(9){-webkit-animation-delay:.73s;animation-delay:.73s;-webkit-animation-duration:.7s;animation-duration:.7s}.square-grid-pulse>div{display:inline-block;float:left;width:15px;height:15px;margin:2px;-webkit-animation-fill-mode:both;animation-fill-mode:both;-webkit-animation-name:square-grid-pulse;animation-name:square-grid-pulse;-webkit-animation-iteration-count:infinite;animation-iteration-count:infinite;-webkit-animation-delay:0;animation-delay:0}#grid-265 .tg-grid-preloader-inner>div{background:#b9b9b9}#grid-265 .tg-grid-preloader-scale{transform:scale(0.6)}<\/style><div class=\"tg-grid-preloader-holder\"><div class=\"tg-grid-preloader-scale\"><div class=\"tg-grid-preloader-inner square-grid-pulse\"><div><\/div><div><\/div><div><\/div><div><\/div><div><\/div><div><\/div><div><\/div><div><\/div><div><\/div><\/div><\/div><\/div><\/div><\/div><!-- The Grid Wrapper End -->\n<\/div><\/section>\n","protected":false},"excerpt":{"rendered":"","protected":false},"author":1,"featured_media":0,"parent":0,"menu_order":3,"comment_status":"closed","ping_status":"closed","template":"","meta":{"inline_featured_image":false,"footnotes":""},"_links":{"self":[{"href":"https:\/\/www.yoga-apolda.de\/index.php?rest_route=\/wp\/v2\/pages\/25"}],"collection":[{"href":"https:\/\/www.yoga-apolda.de\/index.php?rest_route=\/wp\/v2\/pages"}],"about":[{"href":"https:\/\/www.yoga-apolda.de\/index.php?rest_route=\/wp\/v2\/types\/page"}],"author":[{"embeddable":true,"href":"https:\/\/www.yoga-apolda.de\/index.php?rest_route=\/wp\/v2\/users\/1"}],"replies":[{"embeddable":true,"href":"https:\/\/www.yoga-apolda.de\/index.php?rest_route=%2Fwp%2Fv2%2Fcomments&post=25"}],"version-history":[{"count":6,"href":"https:\/\/www.yoga-apolda.de\/index.php?rest_route=\/wp\/v2\/pages\/25\/revisions"}],"predecessor-version":[{"id":602,"href":"https:\/\/www.yoga-apolda.de\/index.php?rest_route=\/wp\/v2\/pages\/25\/revisions\/602"}],"wp:attachment":[{"href":"https:\/\/www.yoga-apolda.de\/index.php?rest_route=%2Fwp%2Fv2%2Fmedia&parent=25"}],"curies":[{"name":"wp","href":"https:\/\/api.w.org\/{rel}","templated":true}]}}