{"id":22,"date":"2021-07-17T10:07:10","date_gmt":"2021-07-17T10:07:10","guid":{"rendered":"https:\/\/dev.wp.2021.yoga-apolda.de\/wp2021\/?page_id=22"},"modified":"2021-09-11T10:36:43","modified_gmt":"2021-09-11T10:36:43","slug":"spuere","status":"publish","type":"page","link":"https:\/\/www.yoga-apolda.de\/?page_id=22","title":{"rendered":"Sp\u00fcre"},"content":{"rendered":"<div id='av_section_1'  class='avia-section av-335bu-99622ae09f8e2458a2505f6437c22de3 main_color avia-section-default avia-no-border-styling  avia-builder-el-0  el_before_av_section  avia-builder-el-first  content-menu-section avia-bg-style-scroll container_wrap sidebar_right'  ><div class='container av-section-cont-open' ><main  role=\"main\" itemprop=\"mainContentOfPage\"  class='template-page content  av-content-small alpha units'><div class='post-entry post-entry-type-page post-entry-22'><div class='entry-content-wrapper clearfix'>\n\n<style type=\"text\/css\" data-created_by=\"avia_inline_auto\" id=\"style-css-av-2t6ge-58439d3938889fbd84c7b3d3396f07d5\">\n.flex_column.av-2t6ge-58439d3938889fbd84c7b3d3396f07d5{\nborder-radius:0px 0px 0px 0px;\npadding:0px 0px 0px 0px;\n}\n<\/style>\n<div  class='flex_column av-2t6ge-58439d3938889fbd84c7b3d3396f07d5 av_one_fourth  avia-builder-el-1  el_before_av_one_half  avia-builder-el-first  first flex_column_div av-zero-column-padding  '     ><\/div>\n<style type=\"text\/css\" data-created_by=\"avia_inline_auto\" id=\"style-css-av-25mdu-a6a430bf8b6587761fa626ef371be92f\">\n.flex_column.av-25mdu-a6a430bf8b6587761fa626ef371be92f{\nborder-radius:0px 0px 0px 0px;\npadding:0px 0px 0px 0px;\n}\n<\/style>\n<div  class='flex_column av-25mdu-a6a430bf8b6587761fa626ef371be92f av_one_half  avia-builder-el-2  el_after_av_one_fourth  el_before_av_one_fourth  flex_column_div av-zero-column-padding  '     ><p><div  class='avia-builder-widget-area clearfix  avia-builder-el-3  el_before_av_textblock  avia-builder-el-first '><div id=\"codewidget-2\" class=\"widget clearfix widget_codewidget\"><div class=\"code-widget\"><p>Sp\u00fcre<\/p>\n<\/div><\/div><div id=\"nav_menu-2\" class=\"widget clearfix widget_nav_menu\"><div class=\"menu-content-navigation-container\"><ul id=\"menu-content-navigation\" class=\"menu\"><li id=\"menu-item-55\" class=\"blau menu-item menu-item-type-post_type menu-item-object-page menu-item-55\"><a href=\"https:\/\/www.yoga-apolda.de\/?page_id=18\">Erlerne<\/a><\/li>\n<li id=\"menu-item-54\" class=\"gelb menu-item menu-item-type-post_type menu-item-object-page menu-item-54\"><a href=\"https:\/\/www.yoga-apolda.de\/?page_id=20\">Entdecke<\/a><\/li>\n<li id=\"menu-item-53\" class=\"lila menu-item menu-item-type-post_type menu-item-object-page menu-item-53\"><a href=\"https:\/\/www.yoga-apolda.de\/?page_id=22\">Sp\u00fcre<\/a><\/li>\n<\/ul><\/div><\/div><\/div><br \/>\n<section  class='av_textblock_section av-krc23hs7-d4158bca97877e2167715e320746b074 '   itemscope=\"itemscope\" itemtype=\"https:\/\/schema.org\/CreativeWork\" ><div class='avia_textblock'  itemprop=\"text\" ><p>Tauche ein in eine Welt voller Ruhe,<br \/>\nBehaglichkeit und Zeit f\u00fcr dich selbst.<\/p>\n<\/div><\/section><\/p><\/div>\n<style type=\"text\/css\" data-created_by=\"avia_inline_auto\" id=\"style-css-av-vsb2-7c4df04db15dba60ca58b096a0333ca7\">\n.flex_column.av-vsb2-7c4df04db15dba60ca58b096a0333ca7{\nborder-radius:0px 0px 0px 0px;\npadding:0px 0px 0px 0px;\n}\n<\/style>\n<div  class='flex_column av-vsb2-7c4df04db15dba60ca58b096a0333ca7 av_one_fourth  avia-builder-el-5  el_after_av_one_half  avia-builder-el-last  flex_column_div av-zero-column-padding  '     ><\/div>\n\n<\/div><\/div><\/main><!-- close content main element --><\/div><\/div><div id='av_section_2'  class='avia-section av-1xviy-bf8266c62dd7879888d33ab2ba6fc68e main_color avia-section-default avia-no-border-styling  avia-builder-el-6  el_after_av_section  el_before_av_one_full  avia-bg-style-scroll container_wrap sidebar_right'  ><div class='container av-section-cont-open' ><div class='template-page content  av-content-small alpha units'><div class='post-entry post-entry-type-page post-entry-22'><div class='entry-content-wrapper clearfix'>\n\n<style type=\"text\/css\" data-created_by=\"avia_inline_auto\" id=\"style-css-av-1a24a-d75533e7c6f02d6f46c0c74a009e0f19\">\n.flex_column.av-1a24a-d75533e7c6f02d6f46c0c74a009e0f19{\nborder-radius:0px 0px 0px 0px;\npadding:0px 0px 0px 0px;\n}\n<\/style>\n<div  class='flex_column av-1a24a-d75533e7c6f02d6f46c0c74a009e0f19 av_one_full  avia-builder-el-7  el_before_av_two_fifth  avia-builder-el-first  first flex_column_div av-zero-column-padding  '     ><style type=\"text\/css\" data-created_by=\"avia_inline_auto\" id=\"style-css-av-kt5xsp6z-6edf7feab180d7b3cdd4f061caa296df\">\n.avia-image-container.av-kt5xsp6z-6edf7feab180d7b3cdd4f061caa296df img.avia_image{\nbox-shadow:none;\n}\n.avia-image-container.av-kt5xsp6z-6edf7feab180d7b3cdd4f061caa296df .av-image-caption-overlay-center{\ncolor:#ffffff;\n}\n<\/style>\n<div  class='avia-image-container av-kt5xsp6z-6edf7feab180d7b3cdd4f061caa296df av-styling-no-styling avia-align-center  avia-builder-el-8  avia-builder-el-no-sibling '   itemprop=\"image\" itemscope=\"itemscope\" itemtype=\"https:\/\/schema.org\/ImageObject\" ><div class=\"avia-image-container-inner\"><div class=\"avia-image-overlay-wrap\"><img decoding=\"async\" loading=\"lazy\" class='wp-image-331 avia-img-lazy-loading-331 avia_image ' src=\"https:\/\/www.yoga-apolda.de\/wp-content\/uploads\/2021\/09\/hero-1.jpg\" alt='' title='hero'  height=\"840\" width=\"1500\"  itemprop=\"thumbnailUrl\" srcset=\"https:\/\/www.yoga-apolda.de\/wp-content\/uploads\/2021\/09\/hero-1.jpg 1500w, https:\/\/www.yoga-apolda.de\/wp-content\/uploads\/2021\/09\/hero-1-300x168.jpg 300w, https:\/\/www.yoga-apolda.de\/wp-content\/uploads\/2021\/09\/hero-1-1030x577.jpg 1030w, https:\/\/www.yoga-apolda.de\/wp-content\/uploads\/2021\/09\/hero-1-768x430.jpg 768w, https:\/\/www.yoga-apolda.de\/wp-content\/uploads\/2021\/09\/hero-1-705x395.jpg 705w, https:\/\/www.yoga-apolda.de\/wp-content\/uploads\/2021\/09\/hero-1-500x280.jpg 500w\" sizes=\"(max-width: 1500px) 100vw, 1500px\" \/><\/div><\/div><\/div><\/div>\n<style type=\"text\/css\" data-created_by=\"avia_inline_auto\" id=\"style-css-av-4i1y-e36078d883527feb09025ddccbc88520\">\n.flex_column.av-4i1y-e36078d883527feb09025ddccbc88520{\nborder-radius:0px 0px 0px 0px;\npadding:0px 0px 0px 0px;\n}\n<\/style>\n<div  class='flex_column av-4i1y-e36078d883527feb09025ddccbc88520 av_two_fifth  avia-builder-el-9  el_after_av_one_full  el_before_av_three_fifth  first flex_column_div av-zero-column-padding  column-top-margin'     ><\/div>\n<style type=\"text\/css\" data-created_by=\"avia_inline_auto\" id=\"style-css-av-phri-03b974ff82afb103599381f6f9570e66\">\n.flex_column.av-phri-03b974ff82afb103599381f6f9570e66{\nborder-radius:0px 0px 0px 0px;\npadding:0px 0px 0px 0px;\n}\n<\/style>\n<div  class='flex_column av-phri-03b974ff82afb103599381f6f9570e66 av_three_fifth  avia-builder-el-10  el_after_av_two_fifth  avia-builder-el-last  flex_column_div av-zero-column-padding  column-top-margin'     ><section  class='av_textblock_section av-kt5xzer7-46cf96d35f9595ea57414686ef01a60e '   itemscope=\"itemscope\" itemtype=\"https:\/\/schema.org\/CreativeWork\" ><div class='avia_textblock'  itemprop=\"text\" ><h1>Yoga tut gut und ist gut! Und zwar f\u00fcr K\u00f6rper, Geist und Seele.<\/h1>\n<p>Hatha Yoga umfasst eine Reihe von Yoga Haltungen, die deinen K\u00f6rper, deine Muskeln und deinen Geist st\u00e4rken und ausrichten. \u201eHatha\u201c verbindet auf wunderbare Weise sowohl eine Festigung deines Gleichgewichtsinns mit einer St\u00e4rkung deiner Flexibilit\u00e4t und deiner Muskeln. Je \u00f6fter du \u201eHatha-Yoga\u201c praktizierst &#8211; je flexibler, konzentrierter und leichter werden K\u00f6rper und Geist werden. Sp\u00fcre mehr Energie und mehr Lebensfreude! Steigere deine Vitalit\u00e4t, verbessere deine Konzentration und trage so dazu bei, gelassener zu werden im Alltag. Stabilisiere deine Herzfunktion, kr\u00e4ftigt deinen K\u00f6rper und st\u00e4rkt dein Immunsystem.<\/p>\n<h6 class=\"lila\"><span class=\"lila\">Sp\u00fcre die bedingungslose Annahme von dir selbst und von allem, was um dich herum geschieht. Beginne zu erkennen, dass sich Gegebenheiten im Au\u00dfen nur ver\u00e4ndern, wenn du selbst etwas ver\u00e4nderst.<\/span><\/h6>\n<p><strong>Der Mensch ist im Yoga Loft Apolda das Ziel und du bist herzlich eingeladen, dieser Mensch zu sein.<\/strong><\/p>\n<\/div><\/section><\/div><\/div><\/div><\/div><!-- close content main div --><\/div><\/div><div id='after_section_2'  class='main_color av_default_container_wrap container_wrap sidebar_right'  ><div class='container av-section-cont-open' ><div class='template-page content  av-content-small alpha units'><div class='post-entry post-entry-type-page post-entry-22'><div class='entry-content-wrapper clearfix'>\n<style type=\"text\/css\" data-created_by=\"avia_inline_auto\" id=\"style-css-av-1010a-ed458248aba2a0d1813d6423687f9d67\">\n.flex_column.av-1010a-ed458248aba2a0d1813d6423687f9d67{\nborder-radius:0px 0px 0px 0px;\npadding:0px 0px 0px 0px;\n}\n<\/style>\n<div  class='flex_column av-1010a-ed458248aba2a0d1813d6423687f9d67 av_one_full  avia-builder-el-12  el_after_av_section  avia-builder-el-no-sibling  first flex_column_div av-zero-column-padding  '     ><div id='av-masonry-1' class='av-masonry av-kt60ej6k-2528ecee1ffd983ebb6c711111a91fe4 noHover av-flex-size av-no-gap av-hover-overlay- av-masonry-animation- av-masonry-col-3 av-caption-always av-caption-style- av-masonry-gallery av-medium-columns-overwrite av-medium-columns-3 av-small-columns-overwrite av-small-columns-3 av-mini-columns-overwrite av-mini-columns-1 ' data-post_id=\"22\"><div class=\"av-masonry-container isotope av-js-disabled\"><div class='av-masonry-entry isotope-item av-masonry-item-no-image '><\/div><a href=\"https:\/\/www.yoga-apolda.de\/wp-content\/uploads\/2021\/09\/yoga01-824x1030.jpg\" data-srcset=\"https:\/\/www.yoga-apolda.de\/wp-content\/uploads\/2021\/09\/yoga01-824x1030.jpg 824w, https:\/\/www.yoga-apolda.de\/wp-content\/uploads\/2021\/09\/yoga01-240x300.jpg 240w, https:\/\/www.yoga-apolda.de\/wp-content\/uploads\/2021\/09\/yoga01-768x960.jpg 768w, https:\/\/www.yoga-apolda.de\/wp-content\/uploads\/2021\/09\/yoga01-564x705.jpg 564w, https:\/\/www.yoga-apolda.de\/wp-content\/uploads\/2021\/09\/yoga01-500x625.jpg 500w, https:\/\/www.yoga-apolda.de\/wp-content\/uploads\/2021\/09\/yoga01.jpg 1000w\" data-sizes=\"(max-width: 824px) 100vw, 824px\"  aria-label=\"Bild Yoga Loft Apolda\"  id='av-masonry-1-item-333' data-av-masonry-item='333' class='av-masonry-entry isotope-item post-333 attachment type-attachment status-inherit hentry  av-masonry-item-with-image' title=\"\" alt=\"\"    itemprop=\"thumbnailUrl\" ><div class='av-inner-masonry-sizer'><\/div><figure class='av-inner-masonry main_color'><div class=\"av-masonry-outerimage-container\"><div class='av-masonry-image-container'   ><img decoding=\"async\" width=\"1000\" height=\"1250\" loading=\"lazy\" class=\"wp-image-333 avia-img-lazy-loading-333\"  src=\"https:\/\/www.yoga-apolda.de\/wp-content\/uploads\/2021\/09\/yoga01.jpg\" title=\"\" alt=\"\" srcset=\"https:\/\/www.yoga-apolda.de\/wp-content\/uploads\/2021\/09\/yoga01.jpg 1000w, https:\/\/www.yoga-apolda.de\/wp-content\/uploads\/2021\/09\/yoga01-240x300.jpg 240w, https:\/\/www.yoga-apolda.de\/wp-content\/uploads\/2021\/09\/yoga01-824x1030.jpg 824w, https:\/\/www.yoga-apolda.de\/wp-content\/uploads\/2021\/09\/yoga01-768x960.jpg 768w, https:\/\/www.yoga-apolda.de\/wp-content\/uploads\/2021\/09\/yoga01-564x705.jpg 564w, https:\/\/www.yoga-apolda.de\/wp-content\/uploads\/2021\/09\/yoga01-500x625.jpg 500w\" sizes=\"(max-width: 1000px) 100vw, 1000px\" \/><\/div><\/div><\/figure><\/a><!--end av-masonry entry--><a href=\"https:\/\/www.yoga-apolda.de\/wp-content\/uploads\/2021\/09\/yoga02-824x1030.jpg\" data-srcset=\"https:\/\/www.yoga-apolda.de\/wp-content\/uploads\/2021\/09\/yoga02-824x1030.jpg 824w, https:\/\/www.yoga-apolda.de\/wp-content\/uploads\/2021\/09\/yoga02-240x300.jpg 240w, https:\/\/www.yoga-apolda.de\/wp-content\/uploads\/2021\/09\/yoga02-768x960.jpg 768w, https:\/\/www.yoga-apolda.de\/wp-content\/uploads\/2021\/09\/yoga02-564x705.jpg 564w, https:\/\/www.yoga-apolda.de\/wp-content\/uploads\/2021\/09\/yoga02-500x625.jpg 500w, https:\/\/www.yoga-apolda.de\/wp-content\/uploads\/2021\/09\/yoga02.jpg 1000w\" data-sizes=\"(max-width: 824px) 100vw, 824px\"  aria-label=\"Bild Yoga Loft Apolda\"  id='av-masonry-1-item-334' data-av-masonry-item='334' class='av-masonry-entry isotope-item post-334 attachment type-attachment status-inherit hentry  av-masonry-item-with-image' title=\"\" alt=\"\"    itemprop=\"thumbnailUrl\" ><div class='av-inner-masonry-sizer'><\/div><figure class='av-inner-masonry main_color'><div class=\"av-masonry-outerimage-container\"><div class='av-masonry-image-container'   ><img decoding=\"async\" width=\"1000\" height=\"1250\" loading=\"lazy\" class=\"wp-image-334 avia-img-lazy-loading-334\"  src=\"https:\/\/www.yoga-apolda.de\/wp-content\/uploads\/2021\/09\/yoga02.jpg\" title=\"\" alt=\"\" srcset=\"https:\/\/www.yoga-apolda.de\/wp-content\/uploads\/2021\/09\/yoga02.jpg 1000w, https:\/\/www.yoga-apolda.de\/wp-content\/uploads\/2021\/09\/yoga02-240x300.jpg 240w, https:\/\/www.yoga-apolda.de\/wp-content\/uploads\/2021\/09\/yoga02-824x1030.jpg 824w, https:\/\/www.yoga-apolda.de\/wp-content\/uploads\/2021\/09\/yoga02-768x960.jpg 768w, https:\/\/www.yoga-apolda.de\/wp-content\/uploads\/2021\/09\/yoga02-564x705.jpg 564w, https:\/\/www.yoga-apolda.de\/wp-content\/uploads\/2021\/09\/yoga02-500x625.jpg 500w\" sizes=\"(max-width: 1000px) 100vw, 1000px\" \/><\/div><\/div><\/figure><\/a><!--end av-masonry entry--><a href=\"https:\/\/www.yoga-apolda.de\/wp-content\/uploads\/2021\/09\/yoga03-824x1030.jpg\" data-srcset=\"https:\/\/www.yoga-apolda.de\/wp-content\/uploads\/2021\/09\/yoga03-824x1030.jpg 824w, https:\/\/www.yoga-apolda.de\/wp-content\/uploads\/2021\/09\/yoga03-240x300.jpg 240w, https:\/\/www.yoga-apolda.de\/wp-content\/uploads\/2021\/09\/yoga03-768x960.jpg 768w, https:\/\/www.yoga-apolda.de\/wp-content\/uploads\/2021\/09\/yoga03-564x705.jpg 564w, https:\/\/www.yoga-apolda.de\/wp-content\/uploads\/2021\/09\/yoga03-500x625.jpg 500w, https:\/\/www.yoga-apolda.de\/wp-content\/uploads\/2021\/09\/yoga03.jpg 1000w\" data-sizes=\"(max-width: 824px) 100vw, 824px\"  aria-label=\"Bild Yoga Loft Apolda\"  id='av-masonry-1-item-335' data-av-masonry-item='335' class='av-masonry-entry isotope-item post-335 attachment type-attachment status-inherit hentry  av-masonry-item-with-image' title=\"\" alt=\"\"    itemprop=\"thumbnailUrl\" ><div class='av-inner-masonry-sizer'><\/div><figure class='av-inner-masonry main_color'><div class=\"av-masonry-outerimage-container\"><div class='av-masonry-image-container'   ><img decoding=\"async\" width=\"1000\" height=\"1250\" loading=\"lazy\" class=\"wp-image-335 avia-img-lazy-loading-335\"  src=\"https:\/\/www.yoga-apolda.de\/wp-content\/uploads\/2021\/09\/yoga03.jpg\" title=\"\" alt=\"\" srcset=\"https:\/\/www.yoga-apolda.de\/wp-content\/uploads\/2021\/09\/yoga03.jpg 1000w, https:\/\/www.yoga-apolda.de\/wp-content\/uploads\/2021\/09\/yoga03-240x300.jpg 240w, https:\/\/www.yoga-apolda.de\/wp-content\/uploads\/2021\/09\/yoga03-824x1030.jpg 824w, https:\/\/www.yoga-apolda.de\/wp-content\/uploads\/2021\/09\/yoga03-768x960.jpg 768w, https:\/\/www.yoga-apolda.de\/wp-content\/uploads\/2021\/09\/yoga03-564x705.jpg 564w, https:\/\/www.yoga-apolda.de\/wp-content\/uploads\/2021\/09\/yoga03-500x625.jpg 500w\" sizes=\"(max-width: 1000px) 100vw, 1000px\" \/><\/div><\/div><\/figure><\/a><!--end av-masonry entry--><a href=\"https:\/\/www.yoga-apolda.de\/wp-content\/uploads\/2021\/09\/yoga04-824x1030.jpg\" data-srcset=\"https:\/\/www.yoga-apolda.de\/wp-content\/uploads\/2021\/09\/yoga04-824x1030.jpg 824w, https:\/\/www.yoga-apolda.de\/wp-content\/uploads\/2021\/09\/yoga04-240x300.jpg 240w, https:\/\/www.yoga-apolda.de\/wp-content\/uploads\/2021\/09\/yoga04-768x960.jpg 768w, https:\/\/www.yoga-apolda.de\/wp-content\/uploads\/2021\/09\/yoga04-564x705.jpg 564w, https:\/\/www.yoga-apolda.de\/wp-content\/uploads\/2021\/09\/yoga04-500x625.jpg 500w, https:\/\/www.yoga-apolda.de\/wp-content\/uploads\/2021\/09\/yoga04.jpg 1000w\" data-sizes=\"(max-width: 824px) 100vw, 824px\"  aria-label=\"Bild Yoga Loft Apolda\"  id='av-masonry-1-item-336' data-av-masonry-item='336' class='av-masonry-entry isotope-item post-336 attachment type-attachment status-inherit hentry  av-masonry-item-with-image' title=\"\" alt=\"\"    itemprop=\"thumbnailUrl\" ><div class='av-inner-masonry-sizer'><\/div><figure class='av-inner-masonry main_color'><div class=\"av-masonry-outerimage-container\"><div class='av-masonry-image-container'   ><img decoding=\"async\" width=\"1000\" height=\"1250\" loading=\"lazy\" class=\"wp-image-336 avia-img-lazy-loading-336\"  src=\"https:\/\/www.yoga-apolda.de\/wp-content\/uploads\/2021\/09\/yoga04.jpg\" title=\"\" alt=\"\" srcset=\"https:\/\/www.yoga-apolda.de\/wp-content\/uploads\/2021\/09\/yoga04.jpg 1000w, https:\/\/www.yoga-apolda.de\/wp-content\/uploads\/2021\/09\/yoga04-240x300.jpg 240w, https:\/\/www.yoga-apolda.de\/wp-content\/uploads\/2021\/09\/yoga04-824x1030.jpg 824w, https:\/\/www.yoga-apolda.de\/wp-content\/uploads\/2021\/09\/yoga04-768x960.jpg 768w, https:\/\/www.yoga-apolda.de\/wp-content\/uploads\/2021\/09\/yoga04-564x705.jpg 564w, https:\/\/www.yoga-apolda.de\/wp-content\/uploads\/2021\/09\/yoga04-500x625.jpg 500w\" sizes=\"(max-width: 1000px) 100vw, 1000px\" \/><\/div><\/div><\/figure><\/a><!--end av-masonry entry--><a href=\"https:\/\/www.yoga-apolda.de\/wp-content\/uploads\/2021\/09\/yoga05-824x1030.jpg\" data-srcset=\"https:\/\/www.yoga-apolda.de\/wp-content\/uploads\/2021\/09\/yoga05-824x1030.jpg 824w, https:\/\/www.yoga-apolda.de\/wp-content\/uploads\/2021\/09\/yoga05-240x300.jpg 240w, https:\/\/www.yoga-apolda.de\/wp-content\/uploads\/2021\/09\/yoga05-768x960.jpg 768w, https:\/\/www.yoga-apolda.de\/wp-content\/uploads\/2021\/09\/yoga05-564x705.jpg 564w, https:\/\/www.yoga-apolda.de\/wp-content\/uploads\/2021\/09\/yoga05-500x625.jpg 500w, https:\/\/www.yoga-apolda.de\/wp-content\/uploads\/2021\/09\/yoga05.jpg 1000w\" data-sizes=\"(max-width: 824px) 100vw, 824px\"  aria-label=\"Bild Yoga Loft Apolda\"  id='av-masonry-1-item-337' data-av-masonry-item='337' class='av-masonry-entry isotope-item post-337 attachment type-attachment status-inherit hentry  av-masonry-item-with-image' title=\"\" alt=\"\"    itemprop=\"thumbnailUrl\" ><div class='av-inner-masonry-sizer'><\/div><figure class='av-inner-masonry main_color'><div class=\"av-masonry-outerimage-container\"><div class='av-masonry-image-container'   ><img decoding=\"async\" width=\"1000\" height=\"1250\" loading=\"lazy\" class=\"wp-image-337 avia-img-lazy-loading-337\"  src=\"https:\/\/www.yoga-apolda.de\/wp-content\/uploads\/2021\/09\/yoga05.jpg\" title=\"\" alt=\"\" srcset=\"https:\/\/www.yoga-apolda.de\/wp-content\/uploads\/2021\/09\/yoga05.jpg 1000w, https:\/\/www.yoga-apolda.de\/wp-content\/uploads\/2021\/09\/yoga05-240x300.jpg 240w, https:\/\/www.yoga-apolda.de\/wp-content\/uploads\/2021\/09\/yoga05-824x1030.jpg 824w, https:\/\/www.yoga-apolda.de\/wp-content\/uploads\/2021\/09\/yoga05-768x960.jpg 768w, https:\/\/www.yoga-apolda.de\/wp-content\/uploads\/2021\/09\/yoga05-564x705.jpg 564w, https:\/\/www.yoga-apolda.de\/wp-content\/uploads\/2021\/09\/yoga05-500x625.jpg 500w\" sizes=\"(max-width: 1000px) 100vw, 1000px\" \/><\/div><\/div><\/figure><\/a><!--end av-masonry entry--><a href=\"https:\/\/www.yoga-apolda.de\/wp-content\/uploads\/2021\/09\/yoga06-824x1030.jpg\" data-srcset=\"https:\/\/www.yoga-apolda.de\/wp-content\/uploads\/2021\/09\/yoga06-824x1030.jpg 824w, https:\/\/www.yoga-apolda.de\/wp-content\/uploads\/2021\/09\/yoga06-240x300.jpg 240w, https:\/\/www.yoga-apolda.de\/wp-content\/uploads\/2021\/09\/yoga06-768x960.jpg 768w, https:\/\/www.yoga-apolda.de\/wp-content\/uploads\/2021\/09\/yoga06-564x705.jpg 564w, https:\/\/www.yoga-apolda.de\/wp-content\/uploads\/2021\/09\/yoga06-500x625.jpg 500w, https:\/\/www.yoga-apolda.de\/wp-content\/uploads\/2021\/09\/yoga06.jpg 1000w\" data-sizes=\"(max-width: 824px) 100vw, 824px\"  aria-label=\"Bild Yoga Loft Apolda\"  id='av-masonry-1-item-338' data-av-masonry-item='338' class='av-masonry-entry isotope-item post-338 attachment type-attachment status-inherit hentry  av-masonry-item-with-image' title=\"\" alt=\"\"    itemprop=\"thumbnailUrl\" ><div class='av-inner-masonry-sizer'><\/div><figure class='av-inner-masonry main_color'><div class=\"av-masonry-outerimage-container\"><div class='av-masonry-image-container'   ><img decoding=\"async\" width=\"1000\" height=\"1250\" loading=\"lazy\" class=\"wp-image-338 avia-img-lazy-loading-338\"  src=\"https:\/\/www.yoga-apolda.de\/wp-content\/uploads\/2021\/09\/yoga06.jpg\" title=\"\" alt=\"\" srcset=\"https:\/\/www.yoga-apolda.de\/wp-content\/uploads\/2021\/09\/yoga06.jpg 1000w, https:\/\/www.yoga-apolda.de\/wp-content\/uploads\/2021\/09\/yoga06-240x300.jpg 240w, https:\/\/www.yoga-apolda.de\/wp-content\/uploads\/2021\/09\/yoga06-824x1030.jpg 824w, https:\/\/www.yoga-apolda.de\/wp-content\/uploads\/2021\/09\/yoga06-768x960.jpg 768w, https:\/\/www.yoga-apolda.de\/wp-content\/uploads\/2021\/09\/yoga06-564x705.jpg 564w, https:\/\/www.yoga-apolda.de\/wp-content\/uploads\/2021\/09\/yoga06-500x625.jpg 500w\" sizes=\"(max-width: 1000px) 100vw, 1000px\" \/><\/div><\/div><\/figure><\/a><!--end av-masonry entry--><\/div><\/div><\/div><\/p>\n","protected":false},"excerpt":{"rendered":"","protected":false},"author":1,"featured_media":0,"parent":0,"menu_order":28,"comment_status":"closed","ping_status":"closed","template":"","meta":{"inline_featured_image":false,"footnotes":""},"_links":{"self":[{"href":"https:\/\/www.yoga-apolda.de\/index.php?rest_route=\/wp\/v2\/pages\/22"}],"collection":[{"href":"https:\/\/www.yoga-apolda.de\/index.php?rest_route=\/wp\/v2\/pages"}],"about":[{"href":"https:\/\/www.yoga-apolda.de\/index.php?rest_route=\/wp\/v2\/types\/page"}],"author":[{"embeddable":true,"href":"https:\/\/www.yoga-apolda.de\/index.php?rest_route=\/wp\/v2\/users\/1"}],"replies":[{"embeddable":true,"href":"https:\/\/www.yoga-apolda.de\/index.php?rest_route=%2Fwp%2Fv2%2Fcomments&post=22"}],"version-history":[{"count":26,"href":"https:\/\/www.yoga-apolda.de\/index.php?rest_route=\/wp\/v2\/pages\/22\/revisions"}],"predecessor-version":[{"id":479,"href":"https:\/\/www.yoga-apolda.de\/index.php?rest_route=\/wp\/v2\/pages\/22\/revisions\/479"}],"wp:attachment":[{"href":"https:\/\/www.yoga-apolda.de\/index.php?rest_route=%2Fwp%2Fv2%2Fmedia&parent=22"}],"curies":[{"name":"wp","href":"https:\/\/api.w.org\/{rel}","templated":true}]}}